{"id":182,"date":"2022-07-28T07:26:39","date_gmt":"2022-07-28T07:26:39","guid":{"rendered":"https:\/\/bachahadico.vn\/?page_id=182"},"modified":"2022-08-03T02:20:47","modified_gmt":"2022-08-03T02:20:47","slug":"co-cau-to-chuc","status":"publish","type":"page","link":"https:\/\/bachahadico.vn\/index.php\/co-cau-to-chuc\/","title":{"rendered":"C\u01a1 c\u1ea5u t\u1ed5 ch\u1ee9c"},"content":{"rendered":"\t\t<div data-elementor-type=\"wp-page\" data-elementor-id=\"182\" class=\"elementor elementor-182\">\n\t\t\t\t\t\t\t\t\t<section class=\"elementor-section elementor-top-section elementor-element elementor-element-24df348c elementor-section-boxed elementor-section-height-default elementor-section-height-default\" data-id=\"24df348c\" data-element_type=\"section\" data-settings=\"{&quot;background_background&quot;:&quot;classic&quot;}\">\n\t\t\t\t\t\t<div class=\"elementor-container elementor-column-gap-default\">\n\t\t\t\t\t<div class=\"elementor-column elementor-col-100 elementor-top-column elementor-element elementor-element-707c37ac\" data-id=\"707c37ac\" data-element_type=\"column\">\n\t\t\t<div class=\"elementor-widget-wrap elementor-element-populated\">\n\t\t\t\t\t\t\t\t<div class=\"elementor-element elementor-element-79bbbed4 elementor-widget elementor-widget-heading\" data-id=\"79bbbed4\" data-element_type=\"widget\" data-widget_type=\"heading.default\">\n\t\t\t\t<div class=\"elementor-widget-container\">\n\t\t\t<h2 class=\"elementor-heading-title elementor-size-default\">C\u01a0 C\u1ea4U T\u1ed4 CH\u1ee8C<\/h2>\t\t<\/div>\n\t\t\t\t<\/div>\n\t\t\t\t<div class=\"elementor-element elementor-element-9feb7b0 elementor-widget elementor-widget-image\" data-id=\"9feb7b0\" data-element_type=\"widget\" data-widget_type=\"image.default\">\n\t\t\t\t<div class=\"elementor-widget-container\">\n\t\t\t\t\t\t\t\t\t\t\t\t\t\t\t<img decoding=\"async\" src=\"https:\/\/bachahadico.vn\/wp-content\/uploads\/2022\/07\/1.png\" title=\"1\" alt=\"1\" \/>\t\t\t\t\t\t\t\t\t\t\t\t\t\t\t<\/div>\n\t\t\t\t<\/div>\n\t\t\t\t<div class=\"elementor-element elementor-element-2f5cd547 elementor-widget elementor-widget-text-editor\" data-id=\"2f5cd547\" data-element_type=\"widget\" data-widget_type=\"text-editor.default\">\n\t\t\t\t<div class=\"elementor-widget-container\">\n\t\t\t\t\t\t\t<p style=\"text-align: center;\"><span style=\"color: #333333;\"><strong><span style=\"font-family: 'times new roman', times, serif; font-size: 12pt;\">CHI NH\u00c1NH C\u00d4NG TY TNHH MTV \u0110\u1ea6U T\u01af V\u00c0 PH\u00c1T TRI\u1ec2N\u00a0N\u00d4NG NGHI\u1ec6P H\u00c0 N\u1ed8I \u2013 X\u00cd NGHI\u1ec6P B\u1eaeC H\u00c0<\/span><\/strong><\/span><\/p><div class=\"entry-content\"><p><strong><span style=\"font-family: 'times new roman', times, serif; font-size: 12pt; color: #333333;\">A. C\u00d4NG TY M\u1eb8: C\u00d4NG TY TNHH MTV \u0110\u1ea6U T\u01af V\u00c0 PH\u00c1T TRI\u1ec2N N\u00d4NG NGHI\u1ec6P H\u00c0 N\u1ed8I<\/span><\/strong><\/p><p style=\"text-align: justify;\"><strong><span style=\"font-family: 'times new roman', times, serif; font-size: 12pt; color: #333333;\">B. PH\u00d2NG, \u0110\u1ed8I, BAN CH\u1ee8C N\u0102NG:<\/span><\/strong><\/p><p style=\"text-align: justify;\"><strong><span style=\"font-family: 'times new roman', times, serif; font-size: 14pt; color: #333333;\">1. C\u00e1c ph\u00f2ng ch\u1ee9c n\u0103ng:<\/span><\/strong><\/p><p style=\"text-align: justify;\"><span style=\"font-family: 'times new roman', times, serif; font-size: 14pt; color: #333333;\">\u2013 Ph\u00f2ng T\u1ed5 ch\u1ee9c \u2013 H\u00e0nh ch\u00ednh \u00a0 \u00a0 \u00a0 \u00a0 \u00a0 \u00a0 \u00a0 \u00a0 \u00a0\u0110i\u1ec7n tho\u1ea1i: 0243 883 4361<\/span><\/p><p style=\"text-align: justify;\"><span style=\"font-family: 'times new roman', times, serif; font-size: 14pt; color: #333333;\">\u2013 Ph\u00f2ng T\u00e0i ch\u00ednh \u2013 K\u1ebf to\u00e1n \u00a0 \u00a0 \u00a0 \u00a0 \u00a0 \u00a0 \u00a0 \u00a0 \u00a0 \u00a0 \u00a0\u0110i\u1ec7n tho\u1ea1i: 0243 958 5221\u00a0 \u00a0 \u00a0\u00a0<\/span><\/p><p style=\"text-align: justify;\"><span style=\"font-family: 'times new roman', times, serif; font-size: 14pt; color: #333333;\">\u2013 Ph\u00f2ng Kinh doanh \u00a0 \u00a0 \u00a0 \u00a0 \u00a0 \u00a0 \u00a0 \u00a0 \u00a0 \u00a0 \u00a0 \u00a0 \u00a0 \u00a0 \u00a0 \u00a0 \u00a0 \u0110i\u1ec7n tho\u1ea1i: 0243 956 0156<\/span><\/p><p style=\"text-align: justify;\"><strong><span style=\"font-family: 'times new roman', times, serif; font-size: 14pt; color: #333333;\">2. C\u00e1c \u0110\u1ed9i s\u1ea3n xu\u1ea5t:<\/span><\/strong><\/p><p style=\"text-align: justify;\"><span style=\"font-family: 'times new roman', times, serif; font-size: 14pt; color: #333333;\">\u2013 \u0110\u1ed9i s\u1ea3n xu\u1ea5t N\u00f4ng nghi\u1ec7p\u00a0 \u00a0 \u00a0 \u00a0 \u00a0 \u00a0 \u00a0 \u00a0 \u00a0 \u00a0 \u00a0 \u00a0\u0110i\u1ec7n tho\u1ea1i: 0243 883 2030<\/span><\/p><p style=\"text-align: justify;\"><strong><span style=\"font-family: 'times new roman', times, serif; font-size: 14pt; color: #333333;\">3. C\u00e1c Ban:<\/span><\/strong><\/p><p style=\"text-align: justify;\"><span style=\"font-family: 'times new roman', times, serif; font-size: 14pt; color: #333333;\">\u2013 Ban T\u01b0 v\u1ea5n v\u00e0 ch\u0103m s\u00f3c kh\u00e1ch h\u00e0ng<\/span><\/p><p style=\"text-align: justify;\"><span style=\"font-family: 'times new roman', times, serif; font-size: 14pt; color: #333333;\">\u2013 Ban Qu\u1ea3n l\u00fd \u0111\u1ea5t \u0111ai<\/span><\/p><p style=\"text-align: justify;\"><span style=\"font-family: 'times new roman', times, serif; font-size: 14pt; color: #333333;\">\u2013 Ban Qu\u1ea3n tr\u1ecb Website<\/span><\/p><\/div>\t\t\t\t\t\t<\/div>\n\t\t\t\t<\/div>\n\t\t\t\t\t<\/div>\n\t\t<\/div>\n\t\t\t\t\t\t\t<\/div>\n\t\t<\/section>\n\t\t\t\t\t\t\t<\/div>\n\t\t","protected":false},"excerpt":{"rendered":"<p>C\u01a0 C\u1ea4U T\u1ed4 CH\u1ee8C CHI NH\u00c1NH C\u00d4NG TY TNHH MTV \u0110\u1ea6U T\u01af V\u00c0 PH\u00c1T TRI\u1ec2N\u00a0N\u00d4NG NGHI\u1ec6P H\u00c0 N\u1ed8I \u2013 X\u00cd NGHI\u1ec6P B\u1eaeC H\u00c0 A. C\u00d4NG TY M\u1eb8: C\u00d4NG TY TNHH MTV \u0110\u1ea6U T\u01af V\u00c0 PH\u00c1T TRI\u1ec2N N\u00d4NG NGHI\u1ec6P H\u00c0 N\u1ed8I B. PH\u00d2NG, \u0110\u1ed8I, BAN CH\u1ee8C N\u0102NG: 1. C\u00e1c ph\u00f2ng ch\u1ee9c n\u0103ng: \u2013 Ph\u00f2ng T\u1ed5 ch\u1ee9c [&hellip;]<\/p>\n","protected":false},"author":1,"featured_media":0,"parent":0,"menu_order":0,"comment_status":"closed","ping_status":"closed","template":"","meta":{"ocean_post_layout":"","ocean_both_sidebars_style":"","ocean_both_sidebars_content_width":0,"ocean_both_sidebars_sidebars_width":0,"ocean_sidebar":"0","ocean_second_sidebar":"0","ocean_disable_margins":"enable","ocean_add_body_class":"","ocean_shortcode_before_top_bar":"","ocean_shortcode_after_top_bar":"","ocean_shortcode_before_header":"","ocean_shortcode_after_header":"","ocean_has_shortcode":"","ocean_shortcode_after_title":"","ocean_shortcode_before_footer_widgets":"","ocean_shortcode_after_footer_widgets":"","ocean_shortcode_before_footer_bottom":"","ocean_shortcode_after_footer_bottom":"","ocean_display_top_bar":"default","ocean_display_header":"default","ocean_header_style":"","ocean_center_header_left_menu":"0","ocean_custom_header_template":"0","ocean_custom_logo":0,"ocean_custom_retina_logo":0,"ocean_custom_logo_max_width":0,"ocean_custom_logo_tablet_max_width":0,"ocean_custom_logo_mobile_max_width":0,"ocean_custom_logo_max_height":0,"ocean_custom_logo_tablet_max_height":0,"ocean_custom_logo_mobile_max_height":0,"ocean_header_custom_menu":"0","ocean_menu_typo_font_family":"0","ocean_menu_typo_font_subset":"","ocean_menu_typo_font_size":0,"ocean_menu_typo_font_size_tablet":0,"ocean_menu_typo_font_size_mobile":0,"ocean_menu_typo_font_size_unit":"px","ocean_menu_typo_font_weight":"","ocean_menu_typo_font_weight_tablet":"","ocean_menu_typo_font_weight_mobile":"","ocean_menu_typo_transform":"","ocean_menu_typo_transform_tablet":"","ocean_menu_typo_transform_mobile":"","ocean_menu_typo_line_height":0,"ocean_menu_typo_line_height_tablet":0,"ocean_menu_typo_line_height_mobile":0,"ocean_menu_typo_line_height_unit":"","ocean_menu_typo_spacing":0,"ocean_menu_typo_spacing_tablet":0,"ocean_menu_typo_spacing_mobile":0,"ocean_menu_typo_spacing_unit":"","ocean_menu_link_color":"","ocean_menu_link_color_hover":"","ocean_menu_link_color_active":"","ocean_menu_link_background":"","ocean_menu_link_hover_background":"","ocean_menu_link_active_background":"","ocean_menu_social_links_bg":"","ocean_menu_social_hover_links_bg":"","ocean_menu_social_links_color":"","ocean_menu_social_hover_links_color":"","ocean_disable_title":"default","ocean_disable_heading":"default","ocean_post_title":"","ocean_post_subheading":"","ocean_post_title_style":"","ocean_post_title_background_color":"","ocean_post_title_background":0,"ocean_post_title_bg_image_position":"","ocean_post_title_bg_image_attachment":"","ocean_post_title_bg_image_repeat":"","ocean_post_title_bg_image_size":"","ocean_post_title_height":0,"ocean_post_title_bg_overlay":0.5,"ocean_post_title_bg_overlay_color":"","ocean_disable_breadcrumbs":"default","ocean_breadcrumbs_color":"","ocean_breadcrumbs_separator_color":"","ocean_breadcrumbs_links_color":"","ocean_breadcrumbs_links_hover_color":"","ocean_display_footer_widgets":"default","ocean_display_footer_bottom":"default","ocean_custom_footer_template":"0","footnotes":""},"class_list":["post-182","page","type-page","status-publish","hentry","entry","owp-thumbs-layout-horizontal","owp-btn-normal","owp-tabs-layout-horizontal","has-no-thumbnails","has-product-nav"],"_links":{"self":[{"href":"https:\/\/bachahadico.vn\/index.php\/wp-json\/wp\/v2\/pages\/182","targetHints":{"allow":["GET"]}}],"collection":[{"href":"https:\/\/bachahadico.vn\/index.php\/wp-json\/wp\/v2\/pages"}],"about":[{"href":"https:\/\/bachahadico.vn\/index.php\/wp-json\/wp\/v2\/types\/page"}],"author":[{"embeddable":true,"href":"https:\/\/bachahadico.vn\/index.php\/wp-json\/wp\/v2\/users\/1"}],"replies":[{"embeddable":true,"href":"https:\/\/bachahadico.vn\/index.php\/wp-json\/wp\/v2\/comments?post=182"}],"version-history":[{"count":19,"href":"https:\/\/bachahadico.vn\/index.php\/wp-json\/wp\/v2\/pages\/182\/revisions"}],"predecessor-version":[{"id":1309,"href":"https:\/\/bachahadico.vn\/index.php\/wp-json\/wp\/v2\/pages\/182\/revisions\/1309"}],"wp:attachment":[{"href":"https:\/\/bachahadico.vn\/index.php\/wp-json\/wp\/v2\/media?parent=182"}],"curies":[{"name":"wp","href":"https:\/\/api.w.org\/{rel}","templated":true}]}}