{"id":167,"date":"2022-07-28T07:14:40","date_gmt":"2022-07-28T07:14:40","guid":{"rendered":"https:\/\/bachahadico.vn\/?page_id=167"},"modified":"2022-11-05T01:22:07","modified_gmt":"2022-11-05T01:22:07","slug":"qua-trinh-phat-trien","status":"publish","type":"page","link":"https:\/\/bachahadico.vn\/index.php\/qua-trinh-phat-trien\/","title":{"rendered":"Qu\u00e1 tr\u00ecnh ph\u00e1t tri\u1ec3n"},"content":{"rendered":"\t\t<div data-elementor-type=\"wp-page\" data-elementor-id=\"167\" class=\"elementor elementor-167\">\n\t\t\t\t\t\t\t\t\t<section class=\"elementor-section elementor-top-section elementor-element elementor-element-501f705 elementor-section-boxed elementor-section-height-default elementor-section-height-default\" data-id=\"501f705\" data-element_type=\"section\" data-settings=\"{&quot;background_background&quot;:&quot;classic&quot;}\">\n\t\t\t\t\t\t<div class=\"elementor-container elementor-column-gap-default\">\n\t\t\t\t\t<div class=\"elementor-column elementor-col-100 elementor-top-column elementor-element elementor-element-7a9a352\" data-id=\"7a9a352\" data-element_type=\"column\">\n\t\t\t<div class=\"elementor-widget-wrap elementor-element-populated\">\n\t\t\t\t\t\t\t\t<div class=\"elementor-element elementor-element-77016ab elementor-widget elementor-widget-heading\" data-id=\"77016ab\" data-element_type=\"widget\" data-widget_type=\"heading.default\">\n\t\t\t\t<div class=\"elementor-widget-container\">\n\t\t\t<h2 class=\"elementor-heading-title elementor-size-default\">QU\u00c1 TR\u00ccNH PH\u00c1T TRI\u1ec2N<\/h2>\t\t<\/div>\n\t\t\t\t<\/div>\n\t\t\t\t<div class=\"elementor-element elementor-element-77b1d90 elementor-widget elementor-widget-text-editor\" data-id=\"77b1d90\" data-element_type=\"widget\" data-widget_type=\"text-editor.default\">\n\t\t\t\t<div class=\"elementor-widget-container\">\n\t\t\t\t\t\t\t<p style=\"text-align: justify;\"><span style=\"font-family: 'times new roman', times, serif; font-size: 14pt; color: #333333;\"><strong>\u0110\u00f4i n\u00e9t v\u1ec1 th\u00f4ng tin C\u00f4ng Ty:<\/strong><\/span><\/p><p style=\"text-align: justify;\"><span style=\"font-family: 'times new roman', times, serif; font-size: 14pt; color: #333333;\">T\u00ean Doanh Nghi\u1ec7p: <span style=\"font-size: 12pt;\">CHI NH\u00c1NH C\u00d4NG TY TNHH MTV \u0110T &amp; PT N\u00d4NG NGHI\u1ec6P H\u00c0 N\u1ed8I \u2013 XN B\u1eaeC H\u00c0<\/span><\/span><br \/><span style=\"font-family: 'times new roman', times, serif; font-size: 14pt; color: #333333;\">\u0110\u1ecba ch\u1ec9 tr\u1ee5 s\u1edf: X\u00e3 V\u00e2n N\u1ed9i, Huy\u1ec7n \u0110\u00f4ng Anh, Th\u00e0nh ph\u1ed1 H\u00e0 N\u1ed9i, Vi\u1ec7t Nam<\/span><br \/><span style=\"font-family: 'times new roman', times, serif; font-size: 14pt; color: #333333;\">\u0110i\u1ec7n tho\u1ea1i: (+84-24) 3 883 4361<\/span><br \/><span style=\"font-family: 'times new roman', times, serif; font-size: 14pt; color: #333333;\">M\u00e3 s\u1ed1 thu\u1ebf: 0100103305-019<\/span><br \/><span style=\"font-family: 'times new roman', times, serif; font-size: 14pt; color: #333333;\">\u0110\u1ea1i di\u1ec7n: Nguy\u1ec5n Th\u1ebf H\u01b0ng<\/span><br \/><span style=\"font-family: 'times new roman', times, serif; font-size: 14pt; color: #333333;\">Ch\u1ee9c v\u1ee5: Gi\u00e1m \u0111\u1ed1c<\/span><br \/><span style=\"font-family: 'times new roman', times, serif; font-size: 14pt; color: #333333;\">T\u00e0i kho\u1ea3n s\u1ed1: 0961000858858<\/span><br \/><span style=\"font-family: 'times new roman', times, serif; font-size: 14pt; color: #333333;\">T\u1ea1i ng\u00e2n h\u00e0ng: T\u1ea1i Ng\u00e2n h\u00e0ng TMCP Ngo\u1ea1i th\u01b0\u01a1ng Vi\u1ec7t Nam \u2013 CN \u0110\u00f4ng Anh<\/span><\/p><p><img loading=\"lazy\" decoding=\"async\" class=\"aligncenter wp-image-1375\" src=\"http:\/\/bachahadico.vn\/wp-content\/uploads\/2022\/11\/IMG_0690-264x300.jpg\" alt=\"\" width=\"600\" height=\"681\" srcset=\"https:\/\/bachahadico.vn\/wp-content\/uploads\/2022\/11\/IMG_0690-264x300.jpg 264w, https:\/\/bachahadico.vn\/wp-content\/uploads\/2022\/11\/IMG_0690-902x1024.jpg 902w, https:\/\/bachahadico.vn\/wp-content\/uploads\/2022\/11\/IMG_0690-768x872.jpg 768w, https:\/\/bachahadico.vn\/wp-content\/uploads\/2022\/11\/IMG_0690-1353x1536.jpg 1353w, https:\/\/bachahadico.vn\/wp-content\/uploads\/2022\/11\/IMG_0690-1805x2048.jpg 1805w, https:\/\/bachahadico.vn\/wp-content\/uploads\/2022\/11\/IMG_0690-600x681.jpg 600w\" sizes=\"auto, (max-width: 600px) 100vw, 600px\" \/><\/p><p style=\"text-align: justify;\"><span style=\"font-family: 'times new roman', times, serif; font-size: 14pt; color: #333333;\">X\u00ed nghi\u1ec7p B\u1eafc H\u00e0 ti\u1ec1n th\u00e2n l\u00e0 N\u00f4ng Tr\u01b0\u1eddng \u0110\u00f4ng Anh I \u0111\u01b0\u1ee3c th\u00e0nh l\u1eadp ng\u00e0y 28\/5\/1961, v\u1edbi nhi\u1ec7m v\u1ee5 chuy\u00ean m\u00f4n ho\u00e1 s\u1ea3n xu\u1ea5t th\u1ef1c ph\u1ea9m (th\u1ecbt l\u1ee3n) \u0111\u1ec3 cung c\u1ea5p cho Th\u00e0nh ph\u1ed1, trong th\u1eddi k\u1ef3 bao c\u1ea5p X\u00ed nghi\u1ec7p lu\u00f4n ho\u00e0n th\u00e0nh c\u00e1c ch\u1ec9 ti\u00eau k\u1ebf ho\u1ea1ch, h\u00e0ng n\u0103m cung c\u1ea5p cho Th\u00e0nh ph\u1ed1 t\u1eeb 500 \u2013 1.000 t\u1ea5n th\u1ecbt l\u1ee3n. Song t\u1eeb n\u0103m 1984 \u2013 1987 do t\u00ecnh h\u00ecnh kinh t\u1ebf c\u1ee7a \u0111\u1ea5t n\u01b0\u1edbc l\u00e2m v\u00e0o kh\u1ee7ng ho\u1ea3ng, m\u00f4 h\u00ecnh ch\u0103n nu\u00f4i l\u1ee3n t\u1eadp th\u1ec3 kh\u00f4ng c\u00f2n \u0111\u1ee7 s\u1ee9c c\u1ea1nh tranh v\u1edbi ch\u0103n nu\u00f4i trong c\u00e1c h\u1ed9 gia \u0111\u00ecnh. Tr\u01b0\u1edbc t\u00ecnh h\u00ecnh \u0111\u00f3, \u0111\u01b0\u1ee3c s\u1ef1 \u0111\u1ed3ng \u00fd c\u1ee7a UBND Th\u00e0nh ph\u1ed1 H\u00e0 N\u1ed9i, n\u0103m 1993 N\u00f4ng tr\u01b0\u1eddng \u0110\u00f4ng Anh I \u0111\u01b0\u1ee3c \u0111\u1ed5i t\u00ean th\u00e0nh C\u00f4ng ty S\u1ea3n xu\u1ea5t d\u1ecbch v\u1ee5 n\u00f4ng nghi\u1ec7p H\u00e0 N\u1ed9i v\u00e0 \u0111\u1ebfn th\u00e1ng 6\/1994 \u0111\u1ed5i t\u00ean l\u1ea7n th\u1ee9 2 t\u1eeb C\u00f4ng ty S\u1ea3n xu\u1ea5t d\u1ecbch v\u1ee5 n\u00f4ng nghi\u1ec7p H\u00e0 N\u1ed9i th\u00e0nh C\u00f4ng ty B\u1eafc H\u00e0 v\u00e0 chuy\u1ec3n h\u01b0\u1edbng s\u1ea3n xu\u1ea5t kinh doanh chuy\u00ean m\u00f4n ch\u0103n nu\u00f4i l\u1ee3n sang kinh doanh t\u1ed5ng h\u1ee3p v\u1edbi c\u00e1c ng\u00e0nh ngh\u1ec1:<\/span><\/p><p style=\"text-align: justify;\"><span style=\"font-family: 'times new roman', times, serif; font-size: 14pt; color: #333333;\">\u2013 Tr\u1ed3ng tr\u1ecdt.<\/span><\/p><p style=\"text-align: justify;\"><span style=\"font-family: 'times new roman', times, serif; font-size: 14pt; color: #333333;\">\u2013 Ch\u0103n nu\u00f4i.<\/span><\/p><p style=\"text-align: justify;\"><span style=\"font-family: 'times new roman', times, serif; font-size: 14pt; color: #333333;\">\u2013 Nu\u00f4i tr\u1ed3ng thu\u1ef7 s\u1ea3n.<\/span><\/p><p style=\"text-align: justify;\"><span style=\"font-family: 'times new roman', times, serif; font-size: 14pt; color: #333333;\">\u2013 N\u00f4ng nghi\u1ec7p g\u1ea1ch ng\u00f3i.<\/span><\/p><p style=\"text-align: justify;\"><span style=\"font-family: 'times new roman', times, serif; font-size: 14pt; color: #333333;\">\u2013 San l\u1ea5p m\u1eb7t b\u1eb1ng.<\/span><\/p><p style=\"text-align: justify;\"><span style=\"font-family: 'times new roman', times, serif; font-size: 14pt; color: #333333;\">\u2013 X\u00e2y d\u1ef1ng c\u00e1c c\u00f4ng tr\u00ecnh.<\/span><\/p><p style=\"text-align: justify;\"><span style=\"font-family: 'times new roman', times, serif; font-size: 14pt; color: #333333;\">\u2013 Kinh doanh ph\u00e1t tri\u1ec3n nh\u00e0.<\/span><\/p><p style=\"text-align: justify;\"><span style=\"font-family: 'times new roman', times, serif; font-size: 14pt; color: #333333;\">\u2013 Du l\u1ecbch v\u00e0 kinh doanh kh\u00e1ch s\u1ea1n.<\/span><\/p><p style=\"text-align: justify;\"><span style=\"font-family: 'times new roman', times, serif; font-size: 14pt; color: #333333;\">Th\u1ef1c hi\u1ec7n ch\u1ee7 tr\u01b0\u01a1ng c\u1ee7a \u0110\u1ea3ng v\u00e0 Nh\u00e0 n\u01b0\u1edbc v\u1ec1 s\u1eafp x\u1ebfp \u0111\u1ed5i m\u1edbi doanh nghi\u1ec7p nh\u00e0 n\u01b0\u1edbc, C\u00f4ng ty B\u1eafc H\u00e0 s\u00e1p nh\u1eadp v\u00e0o C\u00f4ng ty Gi\u1ed1ng c\u00e2y tr\u1ed3ng H\u00e0 N\u1ed9i theo Quy\u1ebft \u0111\u1ecbnh s\u1ed1 6270\/Q\u0110-UB c\u1ee7a UBND Th\u00e0nh ph\u1ed1 H\u00e0 N\u1ed9i. V\u00e0 theo Quy\u1ebft \u0111\u1ecbnh s\u1ed1 88\/Q\u0110-CT ng\u00e0y 15\/11\/2004 c\u1ee7a Gi\u00e1m \u0111\u1ed1c C\u00f4ng ty Gi\u1ed1ng c\u00e2y tr\u1ed3ng H\u00e0 N\u1ed9i th\u00ec X\u00ed nghi\u1ec7p B\u1eafc H\u00e0 \u0111\u01b0\u1ee3c th\u00e0nh l\u1eadp v\u1edbi ch\u1ee9c n\u0103ng nhi\u1ec7m v\u1ee5 sau:<\/span><\/p><p style=\"text-align: justify;\"><span style=\"font-family: 'times new roman', times, serif; font-size: 14pt; color: #333333;\">\u2013 S\u1ea3n xu\u1ea5t v\u00e0 cung \u1ee9ng c\u00e1c s\u1ea3n ph\u1ea9m rau s\u1ea1ch cho th\u00e0nh ph\u1ed1 H\u00e0 N\u1ed9i. D\u1ecbch v\u1ee5 vui ch\u01a1i gi\u1ea3i tr\u00ed .<\/span><\/p><p style=\"text-align: justify;\"><span style=\"font-family: 'times new roman', times, serif; font-size: 14pt; color: #333333;\">\u2013 Nghi\u00ean c\u1ee9u nu\u00f4i tr\u1ed3ng v\u00e0 cung c\u1ea5p c\u00e1c lo\u1ea1i thu\u1ef7 s\u1ea3n, c\u00e1c gi\u1ed1ng c\u00e2y \u0103n qu\u1ea3 c\u00f3 gi\u00e1 tr\u1ecb kinh t\u1ebf cao.<\/span><\/p><p style=\"text-align: justify;\"><span style=\"font-family: 'times new roman', times, serif; font-size: 14pt; color: #333333;\">\u2013 Nghi\u00ean c\u1ee9u , tr\u1ed3ng c\u00e1c lo\u1ea1i hoa, c\u00e2y c\u1ea3nh.<\/span><\/p><p style=\"text-align: justify;\"><span style=\"font-family: 'times new roman', times, serif; font-size: 14pt; color: #333333;\">\u2013 S\u1ea3n xu\u1ea5t v\u1eadt li\u1ec7u x\u00e2y d\u1ef1ng.<\/span><\/p><p style=\"text-align: justify;\"><span style=\"font-family: 'times new roman', times, serif; font-size: 14pt; color: #333333;\">\u2013 X\u00e2y d\u1ef1ng c\u00e1c c\u00f4ng tr\u00ecnh thu\u1ef7 l\u1ee3i, \u0111\u01b0\u1eddng giao th\u00f4ng nh\u1ecf,\u2026.v.v.<\/span><\/p><p style=\"text-align: justify;\"><span style=\"font-family: 'times new roman', times, serif; font-size: 14pt; color: #333333;\">T\u1eeb th\u00e1ng 07 n\u0103m 2014, X\u00ed nghi\u1ec7p B\u1eafc H\u00e0 \u0111\u1ed5i t\u00ean th\u00e0nh Chi nh\u00e1nh C\u00f4ng ty TNHH MTV \u0110T &amp; PT N\u00f4ng nghi\u1ec7p H\u00e0 N\u1ed9i theo quy\u1ebft \u0111\u1ecbnh th\u00e0nh l\u1eadp s\u1ed1 48\/Q\u0110-CT ng\u00e0y 30 th\u00e1ng 06 n\u0103m 2014.<\/span><\/p><p style=\"text-align: justify;\"><span style=\"font-family: 'times new roman', times, serif; font-size: 14pt; color: #333333;\">Hi\u1ec7n nay, X\u00ed nghi\u1ec7p B\u1eafc H\u00e0 \u0111ang ho\u1ea1t \u0111\u1ed9ng s\u1ea3n xu\u1ea5t kinh doanh tr\u00ean 02 l\u0129nh v\u1ef1c c\u01a1 b\u1ea3n:<\/span><\/p><p style=\"text-align: justify;\"><span style=\"font-family: 'times new roman', times, serif; font-size: 14pt; color: #333333;\"><strong>Th\u1ee9 nh\u1ea5t: Ho\u1ea1t \u0111\u1ed9ng s\u1ea3n xu\u1ea5t:<\/strong><\/span><\/p><p style=\"text-align: justify;\"><span style=\"font-family: 'times new roman', times, serif; font-size: 14pt; color: #333333;\">Hi\u1ec7n nay, ho\u1ea1t \u0111\u1ed9ng s\u1ea3n xu\u1ea5t n\u00f4ng nghi\u1ec7p ch\u1ee7 y\u1ebfu l\u00e0 nu\u00f4i tr\u1ed3ng th\u1ee7y s\u1ea3n, tr\u1ed3ng c\u00e2y \u0103n qu\u1ea3, ch\u0103n nu\u00f4i gia s\u00fac gia c\u1ea7m, tr\u1ed3ng hoa c\u00e2y c\u1ea3nh, c\u00e2y xanh c\u00f4ng tr\u00ecnh, s\u1ea3n xu\u1ea5t c\u00e1c lo\u1ea1i gi\u1ed1ng c\u00e2y c\u00f4ng tr\u00ecnh, c\u00e2y \u0103n qu\u1ea3\u2026<\/span><\/p><p style=\"text-align: justify;\"><span style=\"font-family: 'times new roman', times, serif; font-size: 14pt; color: #333333;\"><strong>Th\u1ee9 hai: Ho\u1ea1t \u0111\u1ed9ng kinh doanh th\u01b0\u01a1ng m\u1ea1i:<\/strong><\/span><\/p><p style=\"text-align: justify;\"><span style=\"font-family: 'times new roman', times, serif; font-size: 14pt; color: #333333;\">+ Kinh doanh th\u1ef1c ph\u1ea9m an to\u00e0n: c\u00e1c lo\u1ea1i rau, th\u1ecbt, tr\u1ee9ng, s\u1eefa\u2026c\u00f3 ngu\u1ed3n g\u1ed1c xu\u1ea5t x\u1ee9, \u0111\u1ea3m b\u1ea3o an to\u00e0n t\u1edbi ng\u01b0\u1eddi ti\u00eau d\u00f9ng. \u0110\u1eb7c bi\u1ec7t, c\u00e1c m\u1eb7t h\u00e0ng th\u1ef1c ph\u1ea9m \u0111\u00f4ng l\u1ea1nh nh\u1eadp kh\u1ea9u l\u00e0 ngu\u1ed3n th\u1ef1c ph\u1ea9m \u0111\u1ea3m b\u1ea3o, gi\u00e0u gi\u00e1 tr\u1ecb dinh d\u01b0\u1ee1ng v\u00e0 \u0111\u1eb7c bi\u1ec7t l\u00e0 v\u1ec7 sinh an to\u00e0n th\u1ef1c ph\u1ea9m.<\/span><\/p><p style=\"text-align: justify;\"><span style=\"font-family: 'times new roman', times, serif; font-size: 14pt; color: #333333;\">+ Kinh doanh bu\u00f4n b\u00e1n h\u00e0ng n\u00f4ng s\u1ea3n g\u1ed3m g\u1ea1o c\u00e1c lo\u1ea1i, ng\u00f4, s\u1eafn, \u0111\u1ed7, l\u1ea1c, ti\u00eau\u2026<\/span><\/p><p style=\"text-align: justify;\"><span style=\"font-family: 'times new roman', times, serif; font-size: 14pt; color: #333333;\">+ Kinh doanh d\u1ecbch v\u1ee5 s\u01a1 ch\u1ebf th\u1ef1c ph\u1ea9m.<\/span><\/p><p style=\"text-align: justify;\"><span style=\"font-family: 'times new roman', times, serif; font-size: 14pt; color: #333333;\">+ Kinh doanh d\u1ecbch v\u1ee5 v\u1eadn t\u1ea3i h\u00e0nh kh\u00e1ch,h\u00e0ng h\u00f3a.<\/span><\/p><p style=\"text-align: justify;\"><span style=\"font-family: 'times new roman', times, serif; font-size: 14pt; color: #333333;\">D\u00f9 trong b\u1ea5t k\u00ec l\u0129nh v\u1ef1c ho\u1ea1t \u0111\u1ed9ng n\u00e0o B\u1eafc H\u00e0 c\u0169ng lu\u00f4n h\u01b0\u1edbng t\u1edbi ph\u01b0\u01a1ng ch\u00e2m: \u201cCh\u00fang t\u00f4i n\u1ed7 l\u1ef1c v\u00ec m\u1ed9t Vi\u1ec7t Nam kh\u1ecfe m\u1ea1nh\u201d.<\/span><\/p>\t\t\t\t\t\t<\/div>\n\t\t\t\t<\/div>\n\t\t\t\t\t<\/div>\n\t\t<\/div>\n\t\t\t\t\t\t\t<\/div>\n\t\t<\/section>\n\t\t\t\t\t\t\t<\/div>\n\t\t","protected":false},"excerpt":{"rendered":"<p>QU\u00c1 TR\u00ccNH PH\u00c1T TRI\u1ec2N \u0110\u00f4i n\u00e9t v\u1ec1 th\u00f4ng tin C\u00f4ng Ty: T\u00ean Doanh Nghi\u1ec7p: CHI NH\u00c1NH C\u00d4NG TY TNHH MTV \u0110T &amp; PT N\u00d4NG NGHI\u1ec6P H\u00c0 N\u1ed8I \u2013 XN B\u1eaeC H\u00c0\u0110\u1ecba ch\u1ec9 tr\u1ee5 s\u1edf: X\u00e3 V\u00e2n N\u1ed9i, Huy\u1ec7n \u0110\u00f4ng Anh, Th\u00e0nh ph\u1ed1 H\u00e0 N\u1ed9i, Vi\u1ec7t Nam\u0110i\u1ec7n tho\u1ea1i: (+84-24) 3 883 4361M\u00e3 s\u1ed1 thu\u1ebf: 0100103305-019\u0110\u1ea1i di\u1ec7n: [&hellip;]<\/p>\n","protected":false},"author":1,"featured_media":0,"parent":0,"menu_order":0,"comment_status":"closed","ping_status":"closed","template":"","meta":{"ocean_post_layout":"","ocean_both_sidebars_style":"","ocean_both_sidebars_content_width":0,"ocean_both_sidebars_sidebars_width":0,"ocean_sidebar":"0","ocean_second_sidebar":"0","ocean_disable_margins":"enable","ocean_add_body_class":"","ocean_shortcode_before_top_bar":"","ocean_shortcode_after_top_bar":"","ocean_shortcode_before_header":"","ocean_shortcode_after_header":"","ocean_has_shortcode":"","ocean_shortcode_after_title":"","ocean_shortcode_before_footer_widgets":"","ocean_shortcode_after_footer_widgets":"","ocean_shortcode_before_footer_bottom":"","ocean_shortcode_after_footer_bottom":"","ocean_display_top_bar":"default","ocean_display_header":"default","ocean_header_style":"","ocean_center_header_left_menu":"0","ocean_custom_header_template":"0","ocean_custom_logo":0,"ocean_custom_retina_logo":0,"ocean_custom_logo_max_width":0,"ocean_custom_logo_tablet_max_width":0,"ocean_custom_logo_mobile_max_width":0,"ocean_custom_logo_max_height":0,"ocean_custom_logo_tablet_max_height":0,"ocean_custom_logo_mobile_max_height":0,"ocean_header_custom_menu":"0","ocean_menu_typo_font_family":"0","ocean_menu_typo_font_subset":"","ocean_menu_typo_font_size":0,"ocean_menu_typo_font_size_tablet":0,"ocean_menu_typo_font_size_mobile":0,"ocean_menu_typo_font_size_unit":"px","ocean_menu_typo_font_weight":"","ocean_menu_typo_font_weight_tablet":"","ocean_menu_typo_font_weight_mobile":"","ocean_menu_typo_transform":"","ocean_menu_typo_transform_tablet":"","ocean_menu_typo_transform_mobile":"","ocean_menu_typo_line_height":0,"ocean_menu_typo_line_height_tablet":0,"ocean_menu_typo_line_height_mobile":0,"ocean_menu_typo_line_height_unit":"","ocean_menu_typo_spacing":0,"ocean_menu_typo_spacing_tablet":0,"ocean_menu_typo_spacing_mobile":0,"ocean_menu_typo_spacing_unit":"","ocean_menu_link_color":"","ocean_menu_link_color_hover":"","ocean_menu_link_color_active":"","ocean_menu_link_background":"","ocean_menu_link_hover_background":"","ocean_menu_link_active_background":"","ocean_menu_social_links_bg":"","ocean_menu_social_hover_links_bg":"","ocean_menu_social_links_color":"","ocean_menu_social_hover_links_color":"","ocean_disable_title":"default","ocean_disable_heading":"default","ocean_post_title":"","ocean_post_subheading":"","ocean_post_title_style":"","ocean_post_title_background_color":"","ocean_post_title_background":0,"ocean_post_title_bg_image_position":"","ocean_post_title_bg_image_attachment":"","ocean_post_title_bg_image_repeat":"","ocean_post_title_bg_image_size":"","ocean_post_title_height":0,"ocean_post_title_bg_overlay":0.5,"ocean_post_title_bg_overlay_color":"","ocean_disable_breadcrumbs":"default","ocean_breadcrumbs_color":"","ocean_breadcrumbs_separator_color":"","ocean_breadcrumbs_links_color":"","ocean_breadcrumbs_links_hover_color":"","ocean_display_footer_widgets":"default","ocean_display_footer_bottom":"default","ocean_custom_footer_template":"0","footnotes":""},"class_list":["post-167","page","type-page","status-publish","hentry","entry","owp-thumbs-layout-horizontal","owp-btn-normal","owp-tabs-layout-horizontal","has-no-thumbnails","has-product-nav"],"_links":{"self":[{"href":"https:\/\/bachahadico.vn\/index.php\/wp-json\/wp\/v2\/pages\/167","targetHints":{"allow":["GET"]}}],"collection":[{"href":"https:\/\/bachahadico.vn\/index.php\/wp-json\/wp\/v2\/pages"}],"about":[{"href":"https:\/\/bachahadico.vn\/index.php\/wp-json\/wp\/v2\/types\/page"}],"author":[{"embeddable":true,"href":"https:\/\/bachahadico.vn\/index.php\/wp-json\/wp\/v2\/users\/1"}],"replies":[{"embeddable":true,"href":"https:\/\/bachahadico.vn\/index.php\/wp-json\/wp\/v2\/comments?post=167"}],"version-history":[{"count":55,"href":"https:\/\/bachahadico.vn\/index.php\/wp-json\/wp\/v2\/pages\/167\/revisions"}],"predecessor-version":[{"id":1384,"href":"https:\/\/bachahadico.vn\/index.php\/wp-json\/wp\/v2\/pages\/167\/revisions\/1384"}],"wp:attachment":[{"href":"https:\/\/bachahadico.vn\/index.php\/wp-json\/wp\/v2\/media?parent=167"}],"curies":[{"name":"wp","href":"https:\/\/api.w.org\/{rel}","templated":true}]}}