{"id":1236,"date":"2022-08-01T07:18:19","date_gmt":"2022-08-01T07:18:19","guid":{"rendered":"https:\/\/bachahadico.vn\/?page_id=1236"},"modified":"2022-08-01T09:30:42","modified_gmt":"2022-08-01T09:30:42","slug":"nhan-vien-kinh-doanh","status":"publish","type":"page","link":"https:\/\/bachahadico.vn\/index.php\/nhan-vien-kinh-doanh\/","title":{"rendered":"Nh\u00e2n vi\u00ean kinh doanh"},"content":{"rendered":"\t\t<div data-elementor-type=\"wp-page\" data-elementor-id=\"1236\" class=\"elementor elementor-1236\">\n\t\t\t\t\t\t\t\t\t<section class=\"elementor-section elementor-top-section elementor-element elementor-element-9a70b4f elementor-section-boxed elementor-section-height-default elementor-section-height-default\" data-id=\"9a70b4f\" data-element_type=\"section\" data-settings=\"{&quot;background_background&quot;:&quot;classic&quot;}\">\n\t\t\t\t\t\t<div class=\"elementor-container elementor-column-gap-default\">\n\t\t\t\t\t<div class=\"elementor-column elementor-col-100 elementor-top-column elementor-element elementor-element-6d25740a\" data-id=\"6d25740a\" data-element_type=\"column\">\n\t\t\t<div class=\"elementor-widget-wrap elementor-element-populated\">\n\t\t\t\t\t\t\t\t<div class=\"elementor-element elementor-element-61c66695 elementor-widget elementor-widget-text-editor\" data-id=\"61c66695\" data-element_type=\"widget\" data-widget_type=\"text-editor.default\">\n\t\t\t\t<div class=\"elementor-widget-container\">\n\t\t\t\t\t\t\t<p style=\"text-align: center;\"><span style=\"font-family: 'times new roman', times, serif; font-size: 14pt; color: #07a10e;\"><strong>CHI NH\u00c1NH C\u00d4NG TY TNHH MTV \u0110T &amp; PT N\u00d4NG NGHI\u1ec6P H\u00c0 N\u1ed8I \u2013 X\u00cd NGHI\u1ec6P B\u1eaeC H\u00c0<\/strong><\/span><\/p><hr \/><p style=\"text-align: center;\"><span style=\"font-family: 'times new roman', times, serif; font-size: 14pt; color: #333333;\"><strong>TH\u00d4NG B\u00c1O TUY\u1ec2N D\u1ee4NG<\/strong><\/span><\/p><p style=\"text-align: justify;\"><span class=\"text\" style=\"font-family: 'times new roman', times, serif; font-size: 14pt; color: #ff0000;\"><strong>NH\u00c2N VI\u00caN KINH DOANH<\/strong><\/span><\/p><p style=\"text-align: justify;\"><span class=\"text\" style=\"font-family: 'times new roman', times, serif; font-size: 14pt; color: #333333;\"><strong>Th\u1eddi gian l\u00e0m vi\u1ec7c:<\/strong>\u00a0Linh ho\u1ea1t<\/span><\/p><p style=\"text-align: justify;\"><span class=\"text\" style=\"font-family: 'times new roman', times, serif; font-size: 14pt; color: #333333;\"><strong>M\u1ee9c l\u01b0\u01a1ng:<\/strong>\u00a0Th\u1ecfa thu\u1eadn.<\/span><\/p><p style=\"text-align: justify;\"><span class=\"text\" style=\"font-family: 'times new roman', times, serif; font-size: 14pt; color: #333333;\"><strong>S\u1ed1 l\u01b0\u1ee3ng:<\/strong>\u00a001 ng\u01b0\u1eddi<\/span><\/p><p style=\"text-align: justify;\"><span style=\"font-family: 'times new roman', times, serif; font-size: 14pt; color: #333333;\"><strong><span class=\"text\">M\u00f4 t\u1ea3 chi ti\u1ebft c\u00f4ng vi\u1ec7c:<\/span><\/strong><\/span><\/p><p style=\"text-align: justify; padding-left: 40px;\"><span class=\"text\" style=\"font-family: 'times new roman', times, serif; font-size: 14pt; color: #333333;\">\u2013 Th\u1ef1c hi\u1ec7n b\u00e1n h\u00e0ng \u0111\u1ea3m b\u1ea3o ho\u00e0n th\u00e0nh c\u00e1c ch\u1ec9 ti\u00eau kinh doanh \u0111\u1ec1 ra;<\/span><\/p><p style=\"text-align: justify; padding-left: 40px;\"><span class=\"text\" style=\"font-family: 'times new roman', times, serif; font-size: 14pt; color: #333333;\">\u2013 Ch\u0103m s\u00f3c kh\u00e1ch h\u00e0ng c\u0169, t\u00ecm ki\u1ebfm kh\u00e1ch h\u00e0ng m\u1edbi, c\u00f3 th\u1ec3 sale online ho\u1eb7c \u0111i th\u1ecb tr\u01b0\u1eddng. L\u00ean \u0111\u01a1n h\u00e0ng.<\/span><\/p><p style=\"text-align: justify; padding-left: 40px;\"><span class=\"text\" style=\"font-family: 'times new roman', times, serif; font-size: 14pt; color: #333333;\">\u2013 H\u1ed7 tr\u1ee3 qu\u1ea3n l\u00fd v\u00e0 x\u1eed l\u00fd c\u00f4ng n\u1ee3 c\u1ee7a kh\u00e1ch h\u00e0ng..<\/span><\/p><p style=\"text-align: justify; padding-left: 40px;\"><span class=\"text\" style=\"font-family: 'times new roman', times, serif; font-size: 14pt; color: #333333;\">\u2013 B\u00e1o c\u00e1o k\u1ebft qu\u1ea3 c\u00f4ng vi\u1ec7c h\u00e0ng ng\u00e0y, th\u00f4ng tin th\u1ecb tr\u01b0\u1eddng.<\/span><\/p><p style=\"text-align: justify;\"><span style=\"font-family: 'times new roman', times, serif; font-size: 14pt; color: #333333;\"><strong><span class=\"text\">Y\u00eau c\u1ea7u \u1ee9ng vi\u00ean:<\/span><\/strong><\/span><\/p><p style=\"text-align: justify; padding-left: 40px;\"><span class=\"text\" style=\"font-family: 'times new roman', times, serif; font-size: 14pt; color: #333333;\">\u2013 Kinh nghi\u1ec7m: T\u1ed1i thi\u1ec3u 01 n\u0103m ng\u00e0nh sales (\u0110\u00e3 t\u1eebng l\u00e0m l\u0129nh v\u1ef1c th\u1ef1c ph\u1ea9m l\u00e0 m\u1ed9t l\u1ee3i th\u1ebf);<\/span><\/p><p style=\"text-align: justify; padding-left: 40px;\"><span class=\"text\" style=\"font-family: 'times new roman', times, serif; font-size: 14pt; color: #333333;\">\u2013 K\u1ef9 n\u0103ng giao ti\u1ebfp &amp; \u0111\u00e0m ph\u00e1n t\u1ed1t;<\/span><\/p><p style=\"text-align: justify; padding-left: 40px;\"><span class=\"text\" style=\"font-family: 'times new roman', times, serif; font-size: 14pt; color: #333333;\">\u2013 Trung th\u1ef1c, tr\u00e1ch nhi\u1ec7m, nhi\u1ec7t t\u00ecnh;<\/span><\/p><p style=\"text-align: justify; padding-left: 40px;\"><span class=\"text\" style=\"font-family: 'times new roman', times, serif; font-size: 14pt; color: #333333;\">\u2013 C\u00f3 kh\u1ea3 n\u0103ng l\u00e0m vi\u1ec7c \u0111\u1ed9c l\u1eadp, l\u00e0m vi\u1ec7c nh\u00f3m;<\/span><\/p><p style=\"text-align: justify; padding-left: 40px;\"><span class=\"text\" style=\"font-family: 'times new roman', times, serif; font-size: 14pt; color: #333333;\">\u2013 C\u00f3 kh\u1ea3 n\u0103ng ch\u1ecbu \u00e1p l\u1ef1c trong c\u00f4ng vi\u1ec7c.<\/span><\/p><p style=\"text-align: justify;\"><span style=\"font-family: 'times new roman', times, serif; font-size: 14pt; color: #333333;\"><strong><span class=\"text\">Quy\u1ec1n l\u1ee3i:<\/span><\/strong><\/span><\/p><p style=\"text-align: justify; padding-left: 40px;\"><span class=\"text\" style=\"font-family: 'times new roman', times, serif; font-size: 14pt; color: #333333;\">\u2013 L\u00e0m vi\u1ec7c trong m\u00f4i tr\u01b0\u1eddng h\u00f2a \u0111\u1ed3ng, th\u00e2n thi\u1ec7n.<\/span><\/p><p style=\"text-align: justify; padding-left: 40px;\"><span class=\"text\" style=\"font-family: 'times new roman', times, serif; font-size: 14pt; color: #333333;\">\u2013 \u0110\u01b0\u1ee3c tham quan, ngh\u1ec9 m\u00e1t v\u00e0 c\u00e1c kh\u00f3a \u0111\u00e0o t\u1ea1o h\u00e0ng n\u0103m c\u1ee7 c\u00f4ng ty.<\/span><\/p><p style=\"text-align: justify; padding-left: 40px;\"><span class=\"text\" style=\"font-family: 'times new roman', times, serif; font-size: 14pt; color: #333333;\">\u2013 Ch\u00ednh s\u00e1ch BHXH, BHYT v\u00e0 c\u00e1c ph\u00fac l\u1ee3i kh\u00e1c theo quy \u0111\u1ecbnh c\u1ee7a lu\u1eadt lao \u0111\u1ed9ng v\u00e0 c\u1ee7a c\u00f4ng ty<\/span><\/p><p style=\"text-align: justify;\"><span class=\"text\" style=\"font-family: 'times new roman', times, serif; font-size: 14pt; color: #333333;\"><strong>M\u1ecdi chi ti\u1ebft li\u00ean h\u1ec7:<\/strong> Lan Anh &#8211; S\u0110T: <strong>0989726470<\/strong><\/span><\/p>\t\t\t\t\t\t<\/div>\n\t\t\t\t<\/div>\n\t\t\t\t\t<\/div>\n\t\t<\/div>\n\t\t\t\t\t\t\t<\/div>\n\t\t<\/section>\n\t\t\t\t\t\t\t<\/div>\n\t\t","protected":false},"excerpt":{"rendered":"<p>CHI NH\u00c1NH C\u00d4NG TY TNHH MTV \u0110T &amp; PT N\u00d4NG NGHI\u1ec6P H\u00c0 N\u1ed8I \u2013 X\u00cd NGHI\u1ec6P B\u1eaeC H\u00c0 TH\u00d4NG B\u00c1O TUY\u1ec2N D\u1ee4NG NH\u00c2N VI\u00caN KINH DOANH Th\u1eddi gian l\u00e0m vi\u1ec7c:\u00a0Linh ho\u1ea1t M\u1ee9c l\u01b0\u01a1ng:\u00a0Th\u1ecfa thu\u1eadn. S\u1ed1 l\u01b0\u1ee3ng:\u00a001 ng\u01b0\u1eddi M\u00f4 t\u1ea3 chi ti\u1ebft c\u00f4ng vi\u1ec7c: \u2013 Th\u1ef1c hi\u1ec7n b\u00e1n h\u00e0ng \u0111\u1ea3m b\u1ea3o ho\u00e0n th\u00e0nh c\u00e1c ch\u1ec9 ti\u00eau [&hellip;]<\/p>\n","protected":false},"author":1,"featured_media":0,"parent":0,"menu_order":0,"comment_status":"closed","ping_status":"closed","template":"","meta":{"ocean_post_layout":"","ocean_both_sidebars_style":"","ocean_both_sidebars_content_width":0,"ocean_both_sidebars_sidebars_width":0,"ocean_sidebar":"0","ocean_second_sidebar":"0","ocean_disable_margins":"enable","ocean_add_body_class":"","ocean_shortcode_before_top_bar":"","ocean_shortcode_after_top_bar":"","ocean_shortcode_before_header":"","ocean_shortcode_after_header":"","ocean_has_shortcode":"","ocean_shortcode_after_title":"","ocean_shortcode_before_footer_widgets":"","ocean_shortcode_after_footer_widgets":"","ocean_shortcode_before_footer_bottom":"","ocean_shortcode_after_footer_bottom":"","ocean_display_top_bar":"default","ocean_display_header":"default","ocean_header_style":"","ocean_center_header_left_menu":"0","ocean_custom_header_template":"0","ocean_custom_logo":0,"ocean_custom_retina_logo":0,"ocean_custom_logo_max_width":0,"ocean_custom_logo_tablet_max_width":0,"ocean_custom_logo_mobile_max_width":0,"ocean_custom_logo_max_height":0,"ocean_custom_logo_tablet_max_height":0,"ocean_custom_logo_mobile_max_height":0,"ocean_header_custom_menu":"0","ocean_menu_typo_font_family":"0","ocean_menu_typo_font_subset":"","ocean_menu_typo_font_size":0,"ocean_menu_typo_font_size_tablet":0,"ocean_menu_typo_font_size_mobile":0,"ocean_menu_typo_font_size_unit":"px","ocean_menu_typo_font_weight":"","ocean_menu_typo_font_weight_tablet":"","ocean_menu_typo_font_weight_mobile":"","ocean_menu_typo_transform":"","ocean_menu_typo_transform_tablet":"","ocean_menu_typo_transform_mobile":"","ocean_menu_typo_line_height":0,"ocean_menu_typo_line_height_tablet":0,"ocean_menu_typo_line_height_mobile":0,"ocean_menu_typo_line_height_unit":"","ocean_menu_typo_spacing":0,"ocean_menu_typo_spacing_tablet":0,"ocean_menu_typo_spacing_mobile":0,"ocean_menu_typo_spacing_unit":"","ocean_menu_link_color":"","ocean_menu_link_color_hover":"","ocean_menu_link_color_active":"","ocean_menu_link_background":"","ocean_menu_link_hover_background":"","ocean_menu_link_active_background":"","ocean_menu_social_links_bg":"","ocean_menu_social_hover_links_bg":"","ocean_menu_social_links_color":"","ocean_menu_social_hover_links_color":"","ocean_disable_title":"default","ocean_disable_heading":"default","ocean_post_title":"","ocean_post_subheading":"","ocean_post_title_style":"","ocean_post_title_background_color":"","ocean_post_title_background":0,"ocean_post_title_bg_image_position":"","ocean_post_title_bg_image_attachment":"","ocean_post_title_bg_image_repeat":"","ocean_post_title_bg_image_size":"","ocean_post_title_height":0,"ocean_post_title_bg_overlay":0.5,"ocean_post_title_bg_overlay_color":"","ocean_disable_breadcrumbs":"default","ocean_breadcrumbs_color":"","ocean_breadcrumbs_separator_color":"","ocean_breadcrumbs_links_color":"","ocean_breadcrumbs_links_hover_color":"","ocean_display_footer_widgets":"default","ocean_display_footer_bottom":"default","ocean_custom_footer_template":"0","footnotes":""},"class_list":["post-1236","page","type-page","status-publish","hentry","entry","owp-thumbs-layout-horizontal","owp-btn-normal","owp-tabs-layout-horizontal","has-no-thumbnails","has-product-nav"],"_links":{"self":[{"href":"https:\/\/bachahadico.vn\/index.php\/wp-json\/wp\/v2\/pages\/1236","targetHints":{"allow":["GET"]}}],"collection":[{"href":"https:\/\/bachahadico.vn\/index.php\/wp-json\/wp\/v2\/pages"}],"about":[{"href":"https:\/\/bachahadico.vn\/index.php\/wp-json\/wp\/v2\/types\/page"}],"author":[{"embeddable":true,"href":"https:\/\/bachahadico.vn\/index.php\/wp-json\/wp\/v2\/users\/1"}],"replies":[{"embeddable":true,"href":"https:\/\/bachahadico.vn\/index.php\/wp-json\/wp\/v2\/comments?post=1236"}],"version-history":[{"count":10,"href":"https:\/\/bachahadico.vn\/index.php\/wp-json\/wp\/v2\/pages\/1236\/revisions"}],"predecessor-version":[{"id":1255,"href":"https:\/\/bachahadico.vn\/index.php\/wp-json\/wp\/v2\/pages\/1236\/revisions\/1255"}],"wp:attachment":[{"href":"https:\/\/bachahadico.vn\/index.php\/wp-json\/wp\/v2\/media?parent=1236"}],"curies":[{"name":"wp","href":"https:\/\/api.w.org\/{rel}","templated":true}]}}