{"id":1351,"date":"2022-08-15T04:23:44","date_gmt":"2022-08-15T04:23:44","guid":{"rendered":"https:\/\/bachahadico.vn\/?page_id=1351"},"modified":"2022-10-31T03:37:37","modified_gmt":"2022-10-31T03:37:37","slug":"nhan-vien-lai-xe","status":"publish","type":"page","link":"http:\/\/bachahadico.vn\/index.php\/nhan-vien-lai-xe\/","title":{"rendered":"Nh\u00e2n vi\u00ean l\u00e1i xe"},"content":{"rendered":"\t\t<div data-elementor-type=\"wp-page\" data-elementor-id=\"1351\" class=\"elementor elementor-1351\">\n\t\t\t\t\t\t\t\t\t<section class=\"elementor-section elementor-top-section elementor-element elementor-element-37857402 elementor-section-boxed elementor-section-height-default elementor-section-height-default\" data-id=\"37857402\" data-element_type=\"section\" data-settings=\"{&quot;background_background&quot;:&quot;classic&quot;}\">\n\t\t\t\t\t\t<div class=\"elementor-container elementor-column-gap-default\">\n\t\t\t\t\t<div class=\"elementor-column elementor-col-100 elementor-top-column elementor-element elementor-element-2da19ae6\" data-id=\"2da19ae6\" data-element_type=\"column\">\n\t\t\t<div class=\"elementor-widget-wrap elementor-element-populated\">\n\t\t\t\t\t\t\t\t<div class=\"elementor-element elementor-element-53e5a35f elementor-widget elementor-widget-text-editor\" data-id=\"53e5a35f\" data-element_type=\"widget\" data-widget_type=\"text-editor.default\">\n\t\t\t\t<div class=\"elementor-widget-container\">\n\t\t\t\t\t\t\t<p style=\"text-align: center;\"><span style=\"font-family: 'times new roman', times, serif; font-size: 14pt; color: #07a10e;\"><strong>CHI NH\u00c1NH C\u00d4NG TY TNHH MTV \u0110T &amp; PT N\u00d4NG NGHI\u1ec6P H\u00c0 N\u1ed8I \u2013 X\u00cd NGHI\u1ec6P B\u1eaeC H\u00c0<\/strong><\/span><\/p><hr \/><p style=\"text-align: center;\"><span style=\"font-family: 'times new roman', times, serif; font-size: 14pt; color: #333333;\"><strong>TH\u00d4NG B\u00c1O TUY\u1ec2N D\u1ee4NG<\/strong><\/span><\/p><div dir=\"auto\" style=\"text-align: justify;\"><span style=\"color: #ff0000;\"><strong><span style=\"font-family: 'times new roman', times, serif; font-size: 14pt;\">NH\u00c2N VI\u00caN L\u00c1I XE T\u1ea2I \u0110\u00d4NG L\u1ea0NH<\/span><\/strong><\/span><\/div><div dir=\"auto\" style=\"text-align: justify;\"><span style=\"font-family: 'times new roman', times, serif; font-size: 14pt; color: #333333;\"><strong>S\u1ed1 l\u01b0\u1ee3ng:<\/strong> 02 ng\u01b0\u1eddi<\/span><\/div><div dir=\"auto\" style=\"text-align: justify;\"><span style=\"font-family: 'times new roman', times, serif; font-size: 14pt; color: #333333;\"><strong>M\u00f4 t\u1ea3 c\u00f4ng vi\u1ec7c:<\/strong><\/span><\/div><ul><li style=\"list-style-type: none;\"><ul style=\"list-style-type: disc;\"><li dir=\"auto\" style=\"text-align: justify;\"><span style=\"font-family: 'times new roman', times, serif; font-size: 14pt; color: #333333;\">Giao h\u00e0ng cho c\u00e1c b\u1ebfp \u0103n t\u1ea1i c\u00e1c khu c\u00f4ng nghi\u1ec7p, b\u1ed1c x\u1ebfp h\u00e0ng h\u00f3a.<\/span><\/li><li dir=\"auto\" style=\"text-align: justify;\"><span style=\"font-family: 'times new roman', times, serif; font-size: 14pt; color: #333333;\">Th\u1ef1c hi\u1ec7n c\u00e1c c\u00f4ng vi\u1ec7c theo y\u00eau c\u1ea7u c\u1ee7a tr\u01b0\u1edfng ph\u00f2ng ho\u1eb7c ng\u01b0\u1eddi tr\u1ef1c ti\u1ebfp ph\u1ee5 tr\u00e1ch.<\/span><\/li><li dir=\"auto\" style=\"text-align: justify;\"><span style=\"font-family: 'times new roman', times, serif; font-size: 14pt; color: #333333;\">Chi ti\u1ebft c\u00f4ng vi\u1ec7c \u0111\u01b0\u1ee3c trao \u0111\u1ed5i c\u1ee5 th\u1ec3 khi ph\u1ecfng v\u1ea5n.<\/span><\/li><\/ul><\/li><\/ul><div dir=\"auto\" style=\"text-align: justify;\"><span style=\"font-family: 'times new roman', times, serif; font-size: 14pt; color: #333333;\"><strong>Ch\u1ebf \u0111\u1ed9 \u0111\u00e3i ng\u1ed9:<\/strong><\/span><\/div><ul><li style=\"list-style-type: none;\"><ul style=\"list-style-type: disc;\"><li dir=\"auto\" style=\"text-align: justify;\"><span style=\"font-family: 'times new roman', times, serif; font-size: 14pt; color: #333333;\">\u0110\u01b0\u1ee3c \u0111\u00e0o t\u1ea1o v\u00e0 b\u1ed3i d\u01b0\u1ee1ng nghi\u1ec7p v\u1ee5, tham gia BHXH, BHYT,BHTN \u0111\u1ea7y \u0111\u1ee7.<\/span><\/li><li dir=\"auto\" style=\"text-align: justify;\"><span style=\"font-family: 'times new roman', times, serif; font-size: 14pt; color: #333333;\">L\u01b0\u01a1ng th\u1ecfa thu\u1eadn ( thu nh\u1eadp t\u1eeb 8 tri\u1ec7u \u0111\u1ed3ng\/th\u00e1ng)<\/span><\/li><li dir=\"auto\" style=\"text-align: justify;\"><span style=\"font-family: 'times new roman', times, serif; font-size: 14pt; color: #333333;\">Kh\u00e1m s\u1ee9c kh\u1ecfe, du l\u1ecbch h\u00e0ng n\u0103m v\u00e0 \u0111\u1ea3m b\u1ea3o c\u00e1c ch\u1ebf \u0111\u1ed9 theo quy \u0111\u1ecbnh c\u1ee7a lu\u1eadt lao \u0111\u1ed9ng.<\/span><\/li><\/ul><\/li><\/ul><div dir=\"auto\" style=\"text-align: justify;\"><span style=\"font-family: 'times new roman', times, serif; font-size: 14pt; color: #333333;\"><strong>Y\u00eau c\u1ea7u:<\/strong><\/span><\/div><ul><li style=\"list-style-type: none;\"><ul style=\"list-style-type: disc;\"><li dir=\"auto\" style=\"text-align: justify;\"><span style=\"font-family: 'times new roman', times, serif; font-size: 14pt; color: #333333;\">Nam, t\u1eeb 18 \u0111\u1ebfn 35 tu\u1ed5i. C\u00f3 s\u1ee9c kh\u1ecfe t\u1ed1t, si\u00eang n\u0103ng, ch\u1ecbu kh\u00f3.<\/span><\/li><li dir=\"auto\" style=\"text-align: justify;\"><span style=\"font-family: 'times new roman', times, serif; font-size: 14pt; color: #333333;\">T\u1ed1t nghi\u1ec7p PTTH tr\u1edf l\u00ean ( \u01b0u ti\u00ean con em CBCNV, b\u1ed9 \u0111\u1ed9i xu\u1ea5t ng\u0169, ng\u01b0\u1eddi c\u00f3 kinh nghi\u1ec7p l\u00e0m trong l\u0129nh v\u1ef1c th\u1ef1c ph\u1ea9m v\u00e0 ng\u01b0\u1eddi c\u00f3 b\u1eb1ng l\u00e1i xe t\u1eeb h\u1ea1ng C tr\u1edf l\u00ean).<\/span><\/li><li dir=\"auto\" style=\"text-align: justify;\"><span style=\"font-family: 'times new roman', times, serif; font-size: 14pt; color: #333333;\">C\u00f3 s\u1ee9c kh\u1ecfe t\u1ed1t, si\u00eang n\u0103ng, ch\u1ecbu kh\u00f3.<\/span><\/li><li dir=\"auto\" style=\"text-align: justify;\"><span style=\"font-family: 'times new roman', times, serif; font-size: 14pt; color: #333333;\">Ch\u1ea5p h\u00e0nh t\u1ed1t c\u00e1c n\u1ed9i quy v\u00e0 quy \u0111\u1ecbnh c\u1ee7a c\u01a1 quan, ph\u00e1p lu\u1eadt Nh\u00e0 n\u01b0\u1edbc<\/span><\/li><\/ul><\/li><\/ul><div dir=\"auto\" style=\"text-align: justify;\"><span style=\"font-family: 'times new roman', times, serif; font-size: 14pt; color: #333333;\"><strong>H\u1ed3 s\u01a1 bao g\u1ed3m:<\/strong><\/span><\/div><ul><li style=\"list-style-type: none;\"><ul style=\"list-style-type: disc;\"><li dir=\"auto\" style=\"text-align: justify;\"><span style=\"font-family: 'times new roman', times, serif; font-size: 14pt; color: #333333;\">\u0110\u01a1n xin vi\u1ec7c<\/span><\/li><li dir=\"auto\" style=\"text-align: justify;\"><span style=\"font-family: 'times new roman', times, serif; font-size: 14pt; color: #333333;\">S\u01a1 y\u1ebfu l\u00fd l\u1ecbch (c\u00f3 th\u1eddi h\u1ea1n d\u01b0\u1edbi 6 th\u00e1ng)<\/span><\/li><li dir=\"auto\" style=\"text-align: justify;\"><span style=\"font-family: 'times new roman', times, serif; font-size: 14pt; color: #333333;\">B\u1eb1ng c\u1ea5p, ch\u1ee9ng ch\u1ec9 li\u00ean quan<\/span><\/li><li dir=\"auto\" style=\"text-align: justify;\"><span style=\"font-family: 'times new roman', times, serif; font-size: 14pt; color: #333333;\">Gi\u1ea5y kh\u00e1m s\u1ee9c kh\u1ecfe (c\u00f3 th\u1eddi h\u1ea1n d\u01b0\u1edbi 6 th\u00e1ng)<\/span><\/li><li dir=\"auto\" style=\"text-align: justify;\"><span style=\"font-family: 'times new roman', times, serif; font-size: 14pt; color: #333333;\">H\u1ed9 kh\u1ea9u, CMND, gi\u1ea5y khai sinh b\u1ea3n sao<\/span><\/li><li dir=\"auto\" style=\"text-align: justify;\"><span style=\"font-family: 'times new roman', times, serif; font-size: 14pt; color: #333333;\">Gi\u1ea5y x\u00e1c nh\u1eadn d\u00e2n s\u1ef1 c\u1ee7a \u0111\u1ecba ph\u01b0\u01a1ng n\u01a1i c\u01b0 tr\u00fa<\/span><\/li><li dir=\"auto\" style=\"text-align: justify;\"><span style=\"font-family: 'times new roman', times, serif; font-size: 14pt; color: #333333;\">02 \u1ea3nh 3&#215;4 (\u1ea3nh m\u1edbi nh\u1ea5t)<\/span><\/li><\/ul><\/li><\/ul><div dir=\"auto\" style=\"text-align: justify;\"><span style=\"font-family: 'times new roman', times, serif; font-size: 14pt; color: #333333;\"><strong>Th\u00f4ng tin li\u00ean h\u1ec7:<\/strong><\/span><\/div><div dir=\"auto\" style=\"text-align: justify;\"><span style=\"font-family: 'times new roman', times, serif; font-size: 14pt; color: #333333;\">\u0110\u1ecba ch\u1ec9: Ph\u00f2ng T\u1ed5 ch\u1ee9c X\u00ed nghi\u1ec7p B\u1eafc H\u00e0, Th\u00f4n Nh\u00ec, x\u00e3 V\u00e2n N\u1ed9i, huy\u1ec7n \u0110\u00f4ng Anh, TP H\u00e0 N\u1ed9i<\/span><\/div><div dir=\"auto\" style=\"text-align: justify;\"><span style=\"font-family: 'times new roman', times, serif; font-size: 14pt; color: #333333;\">S\u0110T: 0243.883.4361 ho\u1eb7c S\u0110T: 0989.726.470 (Lan Anh)<\/span><\/div>\t\t\t\t\t\t<\/div>\n\t\t\t\t<\/div>\n\t\t\t\t\t<\/div>\n\t\t<\/div>\n\t\t\t\t\t\t\t<\/div>\n\t\t<\/section>\n\t\t\t\t\t\t\t<\/div>\n\t\t","protected":false},"excerpt":{"rendered":"<p>CHI NH\u00c1NH C\u00d4NG TY TNHH MTV \u0110T &amp; PT N\u00d4NG NGHI\u1ec6P H\u00c0 N\u1ed8I \u2013 X\u00cd NGHI\u1ec6P B\u1eaeC H\u00c0 TH\u00d4NG B\u00c1O TUY\u1ec2N D\u1ee4NG NH\u00c2N VI\u00caN L\u00c1I XE T\u1ea2I \u0110\u00d4NG L\u1ea0NHS\u1ed1 l\u01b0\u1ee3ng: 02 ng\u01b0\u1eddiM\u00f4 t\u1ea3 c\u00f4ng vi\u1ec7c: Giao h\u00e0ng cho c\u00e1c b\u1ebfp \u0103n t\u1ea1i c\u00e1c khu c\u00f4ng nghi\u1ec7p, b\u1ed1c x\u1ebfp h\u00e0ng h\u00f3a. Th\u1ef1c hi\u1ec7n c\u00e1c c\u00f4ng vi\u1ec7c [&hellip;]<\/p>\n","protected":false},"author":1,"featured_media":0,"parent":0,"menu_order":0,"comment_status":"closed","ping_status":"closed","template":"","meta":{"ocean_post_layout":"","ocean_both_sidebars_style":"","ocean_both_sidebars_content_width":0,"ocean_both_sidebars_sidebars_width":0,"ocean_sidebar":"0","ocean_second_sidebar":"0","ocean_disable_margins":"enable","ocean_add_body_class":"","ocean_shortcode_before_top_bar":"","ocean_shortcode_after_top_bar":"","ocean_shortcode_before_header":"","ocean_shortcode_after_header":"","ocean_has_shortcode":"","ocean_shortcode_after_title":"","ocean_shortcode_before_footer_widgets":"","ocean_shortcode_after_footer_widgets":"","ocean_shortcode_before_footer_bottom":"","ocean_shortcode_after_footer_bottom":"","ocean_display_top_bar":"default","ocean_display_header":"default","ocean_header_style":"","ocean_center_header_left_menu":"0","ocean_custom_header_template":"0","ocean_custom_logo":0,"ocean_custom_retina_logo":0,"ocean_custom_logo_max_width":0,"ocean_custom_logo_tablet_max_width":0,"ocean_custom_logo_mobile_max_width":0,"ocean_custom_logo_max_height":0,"ocean_custom_logo_tablet_max_height":0,"ocean_custom_logo_mobile_max_height":0,"ocean_header_custom_menu":"0","ocean_menu_typo_font_family":"0","ocean_menu_typo_font_subset":"","ocean_menu_typo_font_size":0,"ocean_menu_typo_font_size_tablet":0,"ocean_menu_typo_font_size_mobile":0,"ocean_menu_typo_font_size_unit":"px","ocean_menu_typo_font_weight":"","ocean_menu_typo_font_weight_tablet":"","ocean_menu_typo_font_weight_mobile":"","ocean_menu_typo_transform":"","ocean_menu_typo_transform_tablet":"","ocean_menu_typo_transform_mobile":"","ocean_menu_typo_line_height":0,"ocean_menu_typo_line_height_tablet":0,"ocean_menu_typo_line_height_mobile":0,"ocean_menu_typo_line_height_unit":"","ocean_menu_typo_spacing":0,"ocean_menu_typo_spacing_tablet":0,"ocean_menu_typo_spacing_mobile":0,"ocean_menu_typo_spacing_unit":"","ocean_menu_link_color":"","ocean_menu_link_color_hover":"","ocean_menu_link_color_active":"","ocean_menu_link_background":"","ocean_menu_link_hover_background":"","ocean_menu_link_active_background":"","ocean_menu_social_links_bg":"","ocean_menu_social_hover_links_bg":"","ocean_menu_social_links_color":"","ocean_menu_social_hover_links_color":"","ocean_disable_title":"default","ocean_disable_heading":"default","ocean_post_title":"","ocean_post_subheading":"","ocean_post_title_style":"","ocean_post_title_background_color":"","ocean_post_title_background":0,"ocean_post_title_bg_image_position":"","ocean_post_title_bg_image_attachment":"","ocean_post_title_bg_image_repeat":"","ocean_post_title_bg_image_size":"","ocean_post_title_height":0,"ocean_post_title_bg_overlay":0.5,"ocean_post_title_bg_overlay_color":"","ocean_disable_breadcrumbs":"default","ocean_breadcrumbs_color":"","ocean_breadcrumbs_separator_color":"","ocean_breadcrumbs_links_color":"","ocean_breadcrumbs_links_hover_color":"","ocean_display_footer_widgets":"default","ocean_display_footer_bottom":"default","ocean_custom_footer_template":"0","footnotes":""},"class_list":["post-1351","page","type-page","status-publish","hentry","entry","owp-thumbs-layout-horizontal","owp-btn-normal","owp-tabs-layout-horizontal","has-no-thumbnails","has-product-nav"],"_links":{"self":[{"href":"http:\/\/bachahadico.vn\/index.php\/wp-json\/wp\/v2\/pages\/1351","targetHints":{"allow":["GET"]}}],"collection":[{"href":"http:\/\/bachahadico.vn\/index.php\/wp-json\/wp\/v2\/pages"}],"about":[{"href":"http:\/\/bachahadico.vn\/index.php\/wp-json\/wp\/v2\/types\/page"}],"author":[{"embeddable":true,"href":"http:\/\/bachahadico.vn\/index.php\/wp-json\/wp\/v2\/users\/1"}],"replies":[{"embeddable":true,"href":"http:\/\/bachahadico.vn\/index.php\/wp-json\/wp\/v2\/comments?post=1351"}],"version-history":[{"count":7,"href":"http:\/\/bachahadico.vn\/index.php\/wp-json\/wp\/v2\/pages\/1351\/revisions"}],"predecessor-version":[{"id":1374,"href":"http:\/\/bachahadico.vn\/index.php\/wp-json\/wp\/v2\/pages\/1351\/revisions\/1374"}],"wp:attachment":[{"href":"http:\/\/bachahadico.vn\/index.php\/wp-json\/wp\/v2\/media?parent=1351"}],"curies":[{"name":"wp","href":"https:\/\/api.w.org\/{rel}","templated":true}]}}